{"id":468,"date":"2022-03-12T12:37:38","date_gmt":"2022-03-12T11:37:38","guid":{"rendered":"https:\/\/flegmatik.hr\/alfamario\/frequently-asked-questions\/"},"modified":"2022-04-14T21:18:56","modified_gmt":"2022-04-14T19:18:56","slug":"najcesce-postavljena-pitanja","status":"publish","type":"page","link":"https:\/\/alfamario.com\/hr\/najcesce-postavljena-pitanja\/","title":{"rendered":"Naj\u010de\u0161\u0107e postavljena pitanja"},"content":{"rendered":"","protected":false},"excerpt":{"rendered":"","protected":false},"author":1,"featured_media":0,"parent":0,"menu_order":0,"comment_status":"closed","ping_status":"closed","template":"templates\/faq-template.php","meta":{"_acf_changed":false,"inline_featured_image":false,"footnotes":""},"class_list":["post-468","page","type-page","status-publish","hentry"],"acf":[],"_links":{"self":[{"href":"https:\/\/alfamario.com\/hr\/wp-json\/wp\/v2\/pages\/468","targetHints":{"allow":["GET"]}}],"collection":[{"href":"https:\/\/alfamario.com\/hr\/wp-json\/wp\/v2\/pages"}],"about":[{"href":"https:\/\/alfamario.com\/hr\/wp-json\/wp\/v2\/types\/page"}],"author":[{"embeddable":true,"href":"https:\/\/alfamario.com\/hr\/wp-json\/wp\/v2\/users\/1"}],"replies":[{"embeddable":true,"href":"https:\/\/alfamario.com\/hr\/wp-json\/wp\/v2\/comments?post=468"}],"version-history":[{"count":6,"href":"https:\/\/alfamario.com\/hr\/wp-json\/wp\/v2\/pages\/468\/revisions"}],"predecessor-version":[{"id":1126,"href":"https:\/\/alfamario.com\/hr\/wp-json\/wp\/v2\/pages\/468\/revisions\/1126"}],"wp:attachment":[{"href":"https:\/\/alfamario.com\/hr\/wp-json\/wp\/v2\/media?parent=468"}],"curies":[{"name":"wp","href":"https:\/\/api.w.org\/{rel}","templated":true}]}}